{"id":449,"date":"2024-02-21T14:43:47","date_gmt":"2024-02-21T13:43:47","guid":{"rendered":"https:\/\/www.astrolantis.de\/shop\/?page_id=449"},"modified":"2026-04-23T16:23:29","modified_gmt":"2026-04-23T14:23:29","slug":"deine-bitte-an-die-engel","status":"publish","type":"page","link":"https:\/\/www.astrolantis.de\/shop\/deine-bitte-an-die-engel\/","title":{"rendered":"Deine Bitte an die Engel"},"content":{"rendered":"<div align=\"center\">\n\n\t<div class=\"astro-app-bitte-wrapper\">\n\t\t<img decoding=\"async\" class=\"astro-app-bitte-bg\" src=\"\/shop\/wp-content\/uploads\/2024\/02\/appbg@2.jpg\" alt=\"\" \/>\n\t\t\n\t\t\t\t\n\t\t<div class=\"astro-app-bitte-text-section\">\n\t\t\t\t\t\t\t<div class=\"marquee\" data-speed=\"4\">\n\t\t\t\t\t<div class=\"inner\">\n\t\t\t\t\t\t<p>An meinen Schutzengel: An alle Engel!\r\nBitte,bitte, helft H!!! Ich wei\u00df nicht, wie ich ihn unterst\u00fctzen oder ihm helfen kann.\r\nBitte, helft ihr ihm. Auch, dass er nicht solche Schmerzen haben muss!<\/p>\n\t\t\t\t\t<\/div>\n\t\t\t\t<\/div>\n\t\t\t\t\t\t\t<div class=\"marquee\" data-speed=\"-3\">\n\t\t\t\t\t<div class=\"inner\">\n\t\t\t\t\t\t<p>An Erzengel Michael: Lieber Engel!\r\nBitte, hilf weiter meinen Lieben und mir in allen Bereichen, ganz besonders aber gesundheitlich!\r\nUnd danke f\u00fcr den heutigen Tag und dass H weniger Schmerzen hatte!\r\nBitte hilf auch mir, gesundheitlich fitter zu werden.\r\nDanke f\u00fcr jedes Eingreifen, jede Unterst\u00fctzung und Hilfe!!!<\/p>\n\t\t\t\t\t<\/div>\n\t\t\t\t<\/div>\n\t\t\t\t\t\t\t<div class=\"marquee\" data-speed=\"4\">\n\t\t\t\t\t<div class=\"inner\">\n\t\t\t\t\t\t<p>An Erzengel Raphael: Bitte, lieber Engel Raphael, hilf mir, meine Beschwerden in den Griff zu bekommen.\r\nIch habe solche \u00c4ngste. Bitte, hilf mir!<\/p>\n\t\t\t\t\t<\/div>\n\t\t\t\t<\/div>\n\t\t\t\t\t\t\t<div class=\"marquee\" data-speed=\"-3\">\n\t\t\t\t\t<div class=\"inner\">\n\t\t\t\t\t\t<p>An Erzengel Raphael: Bitte f\u00fcr meine Eltern ein menschenw\u00fcrdiges Leben im Himmel und auf Erden <\/p>\n\t\t\t\t\t<\/div>\n\t\t\t\t<\/div>\n\t\t\t\t\t\t\t<div class=\"marquee\" data-speed=\"3\">\n\t\t\t\t\t<div class=\"inner\">\n\t\t\t\t\t\t<p>An Erzengel Gabriel: Bitte heute viel viel viel Geld bekommen <\/p>\n\t\t\t\t\t<\/div>\n\t\t\t\t<\/div>\n\t\t\t\t\t\t\t<div class=\"marquee\" data-speed=\"-2\">\n\t\t\t\t\t<div class=\"inner\">\n\t\t\t\t\t\t<p>An Erzengel Michael: Bitte heute die Erf\u00fcllung meines gr\u00f6\u00dften Wunsches <\/p>\n\t\t\t\t\t<\/div>\n\t\t\t\t<\/div>\n\t\t\t\t\t\t\t<div class=\"marquee\" data-speed=\"3\">\n\t\t\t\t\t<div class=\"inner\">\n\t\t\t\t\t\t<p>An meinen Schutzengel: Bitte Gesundheit <\/p>\n\t\t\t\t\t<\/div>\n\t\t\t\t<\/div>\n\t\t\t\t\t\t\t<div class=\"marquee\" data-speed=\"-4\">\n\t\t\t\t\t<div class=\"inner\">\n\t\t\t\t\t\t<p>An Erzengel Michael: Reichtum und Wohlstand <\/p>\n\t\t\t\t\t<\/div>\n\t\t\t\t<\/div>\n\t\t\t\t\t\t\t<div class=\"marquee\" data-speed=\"4\">\n\t\t\t\t\t<div class=\"inner\">\n\t\t\t\t\t\t<p>An Erzengel Michael: Bitte, lieber Engel Michael, hilf weiter meinen Lieben und mir in allen Bereichen!\r\nH braucht deine Hilfe ganz dringend.\r\nAber auch ich k\u00f6nnte mehr Unterst\u00fctzung gebrauchen.\r\nDanke daf\u00fcr, dass du uns hilfst\r\n.<\/p>\n\t\t\t\t\t<\/div>\n\t\t\t\t<\/div>\n\t\t\t\t\t\t\t<div class=\"marquee\" data-speed=\"-3\">\n\t\t\t\t\t<div class=\"inner\">\n\t\t\t\t\t\t<p>An Erzengel Michael: Reichtum und Wohlstand <\/p>\n\t\t\t\t\t<\/div>\n\t\t\t\t<\/div>\n\t\t\t\t\t<\/div>\n\t\t\n\t\t<div class=\"astro-app-bitte-form-wrapper\">\n\t\t\t<form action=\"\" method=\"post\">\n\t\t\t\t<div class=\"astro-app-bitte-field-wrapper\">\n\t\t\t\t\t<label>Engel ausw\u00e4hlen:<\/label>\n\t\t\t\t\t<select class=\"astro-app-bitte-select-1\" name=\"astro-app-bitte-select-1\">\n\t\t\t\t\t\t\t\t\t\t\t\t\t<option value=\"Mein Schutzengel\">Mein Schutzengel<\/option>\n\t\t\t\t\t\t\t\t\t\t\t\t\t<option value=\"Erzengel Michael\">Erzengel Michael<\/option>\n\t\t\t\t\t\t\t\t\t\t\t\t\t<option value=\"Erzengel Gabriel\">Erzengel Gabriel<\/option>\n\t\t\t\t\t\t\t\t\t\t\t\t\t<option value=\"Erzengel Uriel\">Erzengel Uriel<\/option>\n\t\t\t\t\t\t\t\t\t\t\t\t\t<option value=\"Erzengel Raphael\">Erzengel Raphael<\/option>\n\t\t\t\t\t\t\t\t\t\t\t<\/select>\n\t\t\t\t<\/div>\n\t\t\t\t<div class=\"astro-app-bitte-field-wrapper\">\n\t\t\t\t\t<label>Deine Bitte:<\/label>\n\t\t\t\t\t<textarea class=\"astro-app-bitte-textarea-1\" name=\"astro-app-bitte-textarea-1\"><\/textarea>\n\t\t\t\t<\/div>\n\t\t\t\t<div style=\"width:0px; height:0px; overflow:hidden;\"><input type=\"text\" name=\"name\" value=\"\" \/><\/div>\n\t\t\t\t<input class=\"astro-app-bitte-submit\" name=\"astro-app-bitte-submit\" type=\"submit\" value=\"Bitte absenden\">\n\t\t\t<\/form>\n\t\t<\/div>\n\t<\/div>\n\n\t\t\t\t\n<br \/>\n<\/center><\/p>\n","protected":false},"excerpt":{"rendered":"","protected":false},"author":5,"featured_media":0,"parent":0,"menu_order":0,"comment_status":"closed","ping_status":"closed","template":"page-full-width.php","meta":{"footnotes":""},"_links":{"self":[{"href":"https:\/\/www.astrolantis.de\/shop\/wp-json\/wp\/v2\/pages\/449"}],"collection":[{"href":"https:\/\/www.astrolantis.de\/shop\/wp-json\/wp\/v2\/pages"}],"about":[{"href":"https:\/\/www.astrolantis.de\/shop\/wp-json\/wp\/v2\/types\/page"}],"author":[{"embeddable":true,"href":"https:\/\/www.astrolantis.de\/shop\/wp-json\/wp\/v2\/users\/5"}],"replies":[{"embeddable":true,"href":"https:\/\/www.astrolantis.de\/shop\/wp-json\/wp\/v2\/comments?post=449"}],"version-history":[{"count":4,"href":"https:\/\/www.astrolantis.de\/shop\/wp-json\/wp\/v2\/pages\/449\/revisions"}],"predecessor-version":[{"id":460,"href":"https:\/\/www.astrolantis.de\/shop\/wp-json\/wp\/v2\/pages\/449\/revisions\/460"}],"wp:attachment":[{"href":"https:\/\/www.astrolantis.de\/shop\/wp-json\/wp\/v2\/media?parent=449"}],"curies":[{"name":"wp","href":"https:\/\/api.w.org\/{rel}","templated":true}]}}